{"id":176128,"date":"2020-05-02T14:46:27","date_gmt":"2020-05-02T13:46:27","guid":{"rendered":"http:\/\/wellauer-sweet.ch\/?post_type=product&#038;p=176128"},"modified":"2024-01-03T13:41:10","modified_gmt":"2024-01-03T12:41:10","slug":"bundy-truffes-9er","status":"publish","type":"product","link":"https:\/\/wellauer-sweet.ch\/index.php\/produkt\/bundy-truffes-9er\/","title":{"rendered":"Bundy Truffes 9er"},"content":{"rendered":"<p>BUNDY, Bundaberg Rumpraline, ein herrliches Praline, verfeinert mit dem w\u00fcrzigen Bundaberg Rum von Australien.<br \/>\nErh\u00e4ltlich in der wundersch\u00f6nen Down under Geschenkschachtel \u00e0 9 St\u00fcck.<\/p>\n<p><img decoding=\"async\" class=\"alignnone size-full wp-image-176474\" src=\"https:\/\/wellauer-sweet.ch\/wp-content\/uploads\/2020\/05\/Bundy.png\" alt=\"\" width=\"292\" height=\"142\" \/><\/p>\n","protected":false},"excerpt":{"rendered":"<p>BUNDY, Bundaberg Rumpraline, ein herrliches Praline, verfeinert mit dem w\u00fcrzigen Bundaberg Rum von Australien. Erh\u00e4ltlich in der wundersch\u00f6nen Down under Geschenkschachtel \u00e0 9 St\u00fcck.<\/p>\n","protected":false},"featured_media":176197,"template":"","meta":{"_uag_custom_page_level_css":"","jetpack_post_was_ever_published":false,"jetpack_publicize_message":"","jetpack_publicize_feature_enabled":true,"jetpack_social_post_already_shared":true,"jetpack_social_options":{"image_generator_settings":{"template":"highway","default_image_id":0,"font":"","enabled":false},"version":2}},"product_brand":[],"product_cat":[32,17],"product_tag":[],"class_list":{"0":"post-176128","1":"product","2":"type-product","3":"status-publish","4":"has-post-thumbnail","6":"product_cat-bundy","7":"product_cat-spezialitaeten","9":"first","10":"instock","11":"shipping-taxable","12":"purchasable","13":"product-type-simple"},"yoast_head":"<!-- This site is optimized with the Yoast SEO plugin v27.4 - https:\/\/yoast.com\/product\/yoast-seo-wordpress\/ -->\n<title>Bundy Truffes 9er - Chocolatier Wellauer<\/title>\n<meta name=\"robots\" content=\"index, follow, max-snippet:-1, max-image-preview:large, max-video-preview:-1\" \/>\n<link rel=\"canonical\" href=\"https:\/\/wellauer-sweet.ch\/index.php\/produkt\/bundy-truffes-9er\/\" \/>\n<meta property=\"og:locale\" content=\"de_DE\" \/>\n<meta property=\"og:type\" content=\"article\" \/>\n<meta property=\"og:title\" content=\"Bundy Truffes 9er - Chocolatier Wellauer\" \/>\n<meta property=\"og:description\" content=\"BUNDY, Bundaberg Rumpraline, ein herrliches Praline, verfeinert mit dem w\u00fcrzigen Bundaberg Rum von Australien. Erh\u00e4ltlich in der wundersch\u00f6nen Down under Geschenkschachtel \u00e0 9 St\u00fcck.\" \/>\n<meta property=\"og:url\" content=\"https:\/\/wellauer-sweet.ch\/index.php\/produkt\/bundy-truffes-9er\/\" \/>\n<meta property=\"og:site_name\" content=\"Chocolatier Wellauer\" \/>\n<meta property=\"article:modified_time\" content=\"2024-01-03T12:41:10+00:00\" \/>\n<meta property=\"og:image\" content=\"https:\/\/wellauer-sweet.ch\/wp-content\/uploads\/2020\/05\/20201105_175252-scaled.jpg\" \/>\n\t<meta property=\"og:image:width\" content=\"1211\" \/>\n\t<meta property=\"og:image:height\" content=\"2560\" \/>\n\t<meta property=\"og:image:type\" content=\"image\/jpeg\" \/>\n<meta name=\"twitter:card\" content=\"summary_large_image\" \/>\n<meta name=\"twitter:label1\" content=\"Gesch\u00e4tzte Lesezeit\" \/>\n\t<meta name=\"twitter:data1\" content=\"1\u00a0Minute\" \/>\n<script type=\"application\/ld+json\" class=\"yoast-schema-graph\">{\"@context\":\"https:\\\/\\\/schema.org\",\"@graph\":[{\"@type\":\"WebPage\",\"@id\":\"https:\\\/\\\/wellauer-sweet.ch\\\/index.php\\\/produkt\\\/bundy-truffes-9er\\\/\",\"url\":\"https:\\\/\\\/wellauer-sweet.ch\\\/index.php\\\/produkt\\\/bundy-truffes-9er\\\/\",\"name\":\"Bundy Truffes 9er - Chocolatier Wellauer\",\"isPartOf\":{\"@id\":\"https:\\\/\\\/wellauer-sweet.ch\\\/#website\"},\"primaryImageOfPage\":{\"@id\":\"https:\\\/\\\/wellauer-sweet.ch\\\/index.php\\\/produkt\\\/bundy-truffes-9er\\\/#primaryimage\"},\"image\":{\"@id\":\"https:\\\/\\\/wellauer-sweet.ch\\\/index.php\\\/produkt\\\/bundy-truffes-9er\\\/#primaryimage\"},\"thumbnailUrl\":\"https:\\\/\\\/wellauer-sweet.ch\\\/wp-content\\\/uploads\\\/2020\\\/05\\\/20201105_175252-scaled.jpg\",\"datePublished\":\"2020-05-02T13:46:27+00:00\",\"dateModified\":\"2024-01-03T12:41:10+00:00\",\"breadcrumb\":{\"@id\":\"https:\\\/\\\/wellauer-sweet.ch\\\/index.php\\\/produkt\\\/bundy-truffes-9er\\\/#breadcrumb\"},\"inLanguage\":\"de\",\"potentialAction\":[{\"@type\":\"ReadAction\",\"target\":[\"https:\\\/\\\/wellauer-sweet.ch\\\/index.php\\\/produkt\\\/bundy-truffes-9er\\\/\"]}]},{\"@type\":\"ImageObject\",\"inLanguage\":\"de\",\"@id\":\"https:\\\/\\\/wellauer-sweet.ch\\\/index.php\\\/produkt\\\/bundy-truffes-9er\\\/#primaryimage\",\"url\":\"https:\\\/\\\/wellauer-sweet.ch\\\/wp-content\\\/uploads\\\/2020\\\/05\\\/20201105_175252-scaled.jpg\",\"contentUrl\":\"https:\\\/\\\/wellauer-sweet.ch\\\/wp-content\\\/uploads\\\/2020\\\/05\\\/20201105_175252-scaled.jpg\",\"width\":1211,\"height\":2560},{\"@type\":\"BreadcrumbList\",\"@id\":\"https:\\\/\\\/wellauer-sweet.ch\\\/index.php\\\/produkt\\\/bundy-truffes-9er\\\/#breadcrumb\",\"itemListElement\":[{\"@type\":\"ListItem\",\"position\":1,\"name\":\"Home\",\"item\":\"https:\\\/\\\/wellauer-sweet.ch\\\/\"},{\"@type\":\"ListItem\",\"position\":2,\"name\":\"Shop\",\"item\":\"https:\\\/\\\/wellauer-sweet.ch\\\/index.php\\\/shop\\\/\"},{\"@type\":\"ListItem\",\"position\":3,\"name\":\"Bundy Truffes 9er\"}]},{\"@type\":\"WebSite\",\"@id\":\"https:\\\/\\\/wellauer-sweet.ch\\\/#website\",\"url\":\"https:\\\/\\\/wellauer-sweet.ch\\\/\",\"name\":\"Chocolatier Wellauer\",\"description\":\"Jetzt befinden Sie sich auf der Schokoladenseite des Lebens\",\"publisher\":{\"@id\":\"https:\\\/\\\/wellauer-sweet.ch\\\/#organization\"},\"potentialAction\":[{\"@type\":\"SearchAction\",\"target\":{\"@type\":\"EntryPoint\",\"urlTemplate\":\"https:\\\/\\\/wellauer-sweet.ch\\\/?s={search_term_string}\"},\"query-input\":{\"@type\":\"PropertyValueSpecification\",\"valueRequired\":true,\"valueName\":\"search_term_string\"}}],\"inLanguage\":\"de\"},{\"@type\":\"Organization\",\"@id\":\"https:\\\/\\\/wellauer-sweet.ch\\\/#organization\",\"name\":\"Chocolatier Wellauer\",\"url\":\"https:\\\/\\\/wellauer-sweet.ch\\\/\",\"logo\":{\"@type\":\"ImageObject\",\"inLanguage\":\"de\",\"@id\":\"https:\\\/\\\/wellauer-sweet.ch\\\/#\\\/schema\\\/logo\\\/image\\\/\",\"url\":\"https:\\\/\\\/wellauer-sweet.ch\\\/wp-content\\\/uploads\\\/2017\\\/10\\\/cropped-Logo1-2.png\",\"contentUrl\":\"https:\\\/\\\/wellauer-sweet.ch\\\/wp-content\\\/uploads\\\/2017\\\/10\\\/cropped-Logo1-2.png\",\"width\":683,\"height\":273,\"caption\":\"Chocolatier Wellauer\"},\"image\":{\"@id\":\"https:\\\/\\\/wellauer-sweet.ch\\\/#\\\/schema\\\/logo\\\/image\\\/\"}}]}<\/script>\n<!-- \/ Yoast SEO plugin. -->","yoast_head_json":{"title":"Bundy Truffes 9er - Chocolatier Wellauer","robots":{"index":"index","follow":"follow","max-snippet":"max-snippet:-1","max-image-preview":"max-image-preview:large","max-video-preview":"max-video-preview:-1"},"canonical":"https:\/\/wellauer-sweet.ch\/index.php\/produkt\/bundy-truffes-9er\/","og_locale":"de_DE","og_type":"article","og_title":"Bundy Truffes 9er - Chocolatier Wellauer","og_description":"BUNDY, Bundaberg Rumpraline, ein herrliches Praline, verfeinert mit dem w\u00fcrzigen Bundaberg Rum von Australien. Erh\u00e4ltlich in der wundersch\u00f6nen Down under Geschenkschachtel \u00e0 9 St\u00fcck.","og_url":"https:\/\/wellauer-sweet.ch\/index.php\/produkt\/bundy-truffes-9er\/","og_site_name":"Chocolatier Wellauer","article_modified_time":"2024-01-03T12:41:10+00:00","og_image":[{"width":1211,"height":2560,"url":"https:\/\/wellauer-sweet.ch\/wp-content\/uploads\/2020\/05\/20201105_175252-scaled.jpg","type":"image\/jpeg"}],"twitter_card":"summary_large_image","twitter_misc":{"Gesch\u00e4tzte Lesezeit":"1\u00a0Minute"},"schema":{"@context":"https:\/\/schema.org","@graph":[{"@type":"WebPage","@id":"https:\/\/wellauer-sweet.ch\/index.php\/produkt\/bundy-truffes-9er\/","url":"https:\/\/wellauer-sweet.ch\/index.php\/produkt\/bundy-truffes-9er\/","name":"Bundy Truffes 9er - Chocolatier Wellauer","isPartOf":{"@id":"https:\/\/wellauer-sweet.ch\/#website"},"primaryImageOfPage":{"@id":"https:\/\/wellauer-sweet.ch\/index.php\/produkt\/bundy-truffes-9er\/#primaryimage"},"image":{"@id":"https:\/\/wellauer-sweet.ch\/index.php\/produkt\/bundy-truffes-9er\/#primaryimage"},"thumbnailUrl":"https:\/\/wellauer-sweet.ch\/wp-content\/uploads\/2020\/05\/20201105_175252-scaled.jpg","datePublished":"2020-05-02T13:46:27+00:00","dateModified":"2024-01-03T12:41:10+00:00","breadcrumb":{"@id":"https:\/\/wellauer-sweet.ch\/index.php\/produkt\/bundy-truffes-9er\/#breadcrumb"},"inLanguage":"de","potentialAction":[{"@type":"ReadAction","target":["https:\/\/wellauer-sweet.ch\/index.php\/produkt\/bundy-truffes-9er\/"]}]},{"@type":"ImageObject","inLanguage":"de","@id":"https:\/\/wellauer-sweet.ch\/index.php\/produkt\/bundy-truffes-9er\/#primaryimage","url":"https:\/\/wellauer-sweet.ch\/wp-content\/uploads\/2020\/05\/20201105_175252-scaled.jpg","contentUrl":"https:\/\/wellauer-sweet.ch\/wp-content\/uploads\/2020\/05\/20201105_175252-scaled.jpg","width":1211,"height":2560},{"@type":"BreadcrumbList","@id":"https:\/\/wellauer-sweet.ch\/index.php\/produkt\/bundy-truffes-9er\/#breadcrumb","itemListElement":[{"@type":"ListItem","position":1,"name":"Home","item":"https:\/\/wellauer-sweet.ch\/"},{"@type":"ListItem","position":2,"name":"Shop","item":"https:\/\/wellauer-sweet.ch\/index.php\/shop\/"},{"@type":"ListItem","position":3,"name":"Bundy Truffes 9er"}]},{"@type":"WebSite","@id":"https:\/\/wellauer-sweet.ch\/#website","url":"https:\/\/wellauer-sweet.ch\/","name":"Chocolatier Wellauer","description":"Jetzt befinden Sie sich auf der Schokoladenseite des Lebens","publisher":{"@id":"https:\/\/wellauer-sweet.ch\/#organization"},"potentialAction":[{"@type":"SearchAction","target":{"@type":"EntryPoint","urlTemplate":"https:\/\/wellauer-sweet.ch\/?s={search_term_string}"},"query-input":{"@type":"PropertyValueSpecification","valueRequired":true,"valueName":"search_term_string"}}],"inLanguage":"de"},{"@type":"Organization","@id":"https:\/\/wellauer-sweet.ch\/#organization","name":"Chocolatier Wellauer","url":"https:\/\/wellauer-sweet.ch\/","logo":{"@type":"ImageObject","inLanguage":"de","@id":"https:\/\/wellauer-sweet.ch\/#\/schema\/logo\/image\/","url":"https:\/\/wellauer-sweet.ch\/wp-content\/uploads\/2017\/10\/cropped-Logo1-2.png","contentUrl":"https:\/\/wellauer-sweet.ch\/wp-content\/uploads\/2017\/10\/cropped-Logo1-2.png","width":683,"height":273,"caption":"Chocolatier Wellauer"},"image":{"@id":"https:\/\/wellauer-sweet.ch\/#\/schema\/logo\/image\/"}}]}},"jetpack_publicize_connections":[],"uagb_featured_image_src":{"full":["https:\/\/wellauer-sweet.ch\/wp-content\/uploads\/2020\/05\/20201105_175252-scaled.jpg",1211,2560,false],"thumbnail":["https:\/\/wellauer-sweet.ch\/wp-content\/uploads\/2020\/05\/20201105_175252-150x150.jpg",150,150,true],"medium":["https:\/\/wellauer-sweet.ch\/wp-content\/uploads\/2020\/05\/20201105_175252-142x300.jpg",142,300,true],"medium_large":["https:\/\/wellauer-sweet.ch\/wp-content\/uploads\/2020\/05\/20201105_175252-768x1623.jpg",768,1623,true],"large":["https:\/\/wellauer-sweet.ch\/wp-content\/uploads\/2020\/05\/20201105_175252-485x1024.jpg",485,1024,true],"1536x1536":["https:\/\/wellauer-sweet.ch\/wp-content\/uploads\/2020\/05\/20201105_175252-727x1536.jpg",727,1536,true],"2048x2048":["https:\/\/wellauer-sweet.ch\/wp-content\/uploads\/2020\/05\/20201105_175252-969x2048.jpg",969,2048,true],"post-thumbnail":["https:\/\/wellauer-sweet.ch\/wp-content\/uploads\/2020\/05\/20201105_175252-300x300.jpg",300,300,true],"bulk-single":["https:\/\/wellauer-sweet.ch\/wp-content\/uploads\/2020\/05\/20201105_175252-1170x460.jpg",1170,460,true],"woocommerce_thumbnail":["https:\/\/wellauer-sweet.ch\/wp-content\/uploads\/2020\/05\/20201105_175252-300x225.jpg",300,225,true],"woocommerce_single":["https:\/\/wellauer-sweet.ch\/wp-content\/uploads\/2020\/05\/20201105_175252-600x1268.jpg",600,1268,true],"woocommerce_gallery_thumbnail":["https:\/\/wellauer-sweet.ch\/wp-content\/uploads\/2020\/05\/20201105_175252-100x100.jpg",100,100,true]},"uagb_author_info":{"display_name":"admin","author_link":"https:\/\/wellauer-sweet.ch\/index.php\/author\/"},"uagb_comment_info":0,"uagb_excerpt":"BUNDY, Bundaberg Rumpraline, ein herrliches Praline, verfeinert mit dem w\u00fcrzigen Bundaberg Rum von Australien. Erh\u00e4ltlich in der wundersch\u00f6nen Down under Geschenkschachtel \u00e0 9 St\u00fcck.","jetpack_sharing_enabled":true,"_links":{"self":[{"href":"https:\/\/wellauer-sweet.ch\/index.php\/wp-json\/wp\/v2\/product\/176128","targetHints":{"allow":["GET"]}}],"collection":[{"href":"https:\/\/wellauer-sweet.ch\/index.php\/wp-json\/wp\/v2\/product"}],"about":[{"href":"https:\/\/wellauer-sweet.ch\/index.php\/wp-json\/wp\/v2\/types\/product"}],"wp:featuredmedia":[{"embeddable":true,"href":"https:\/\/wellauer-sweet.ch\/index.php\/wp-json\/wp\/v2\/media\/176197"}],"wp:attachment":[{"href":"https:\/\/wellauer-sweet.ch\/index.php\/wp-json\/wp\/v2\/media?parent=176128"}],"wp:term":[{"taxonomy":"product_brand","embeddable":true,"href":"https:\/\/wellauer-sweet.ch\/index.php\/wp-json\/wp\/v2\/product_brand?post=176128"},{"taxonomy":"product_cat","embeddable":true,"href":"https:\/\/wellauer-sweet.ch\/index.php\/wp-json\/wp\/v2\/product_cat?post=176128"},{"taxonomy":"product_tag","embeddable":true,"href":"https:\/\/wellauer-sweet.ch\/index.php\/wp-json\/wp\/v2\/product_tag?post=176128"}],"curies":[{"name":"wp","href":"https:\/\/api.w.org\/{rel}","templated":true}]}}